{"id":226417,"date":"2024-05-29T11:02:43","date_gmt":"2024-05-29T09:02:43","guid":{"rendered":"https:\/\/fior.lu\/ueber-uns\/"},"modified":"2025-07-15T16:25:00","modified_gmt":"2025-07-15T14:25:00","slug":"ueber-uns","status":"publish","type":"page","link":"https:\/\/fior.lu\/de\/ueber-uns\/","title":{"rendered":"\u00dcber uns"},"content":{"rendered":"<p>[et_pb_section fb_built=&#8220;1&#8243; custom_padding_last_edited=&#8220;on|phone&#8220; _builder_version=&#8220;4.25.2&#8243; _module_preset=&#8220;default&#8220; use_background_color_gradient=&#8220;on&#8220; background_color_gradient_stops=&#8220;rgba(0,0,0,0.66) 1%|rgba(0,0,0,0.16) 100%&#8220; background_color_gradient_overlays_image=&#8220;on&#8220; background_image=&#8220;https:\/\/fior.lu\/wp-content\/uploads\/2023\/10\/Gardior-Hero-Home-Page.jpg&#8220; parallax=&#8220;on&#8220; custom_margin=&#8220;||||false|false&#8220; custom_padding=&#8220;25vh||25vh||true|false&#8220; custom_padding_tablet=&#8220;18vh||18vh||true|false&#8220; custom_padding_phone=&#8220;10vh||25vh||false|false&#8220; da_disable_devices=&#8220;off|off|off&#8220; global_colors_info=&#8220;{}&#8220; da_is_popup=&#8220;off&#8220; da_exit_intent=&#8220;off&#8220; da_has_close=&#8220;on&#8220; da_alt_close=&#8220;off&#8220; da_dark_close=&#8220;off&#8220; da_not_modal=&#8220;on&#8220; da_is_singular=&#8220;off&#8220; da_with_loader=&#8220;off&#8220; da_has_shadow=&#8220;on&#8220;][et_pb_row _builder_version=&#8220;4.22.2&#8243; _module_preset=&#8220;default&#8220; max_width=&#8220;75%&#8220; custom_margin=&#8220;5vh||5vh||true|false&#8220; global_colors_info=&#8220;{}&#8220;][et_pb_column type=&#8220;4_4&#8243; _builder_version=&#8220;4.22.2&#8243; _module_preset=&#8220;default&#8220; global_colors_info=&#8220;{}&#8220;][et_pb_text _builder_version=&#8220;4.25.2&#8243; _module_preset=&#8220;default&#8220; text_font=&#8220;Jost|600|||||||&#8220; text_text_color=&#8220;#FFFFFF&#8220; text_font_size=&#8220;8rem&#8220; text_line_height=&#8220;1.1em&#8220; header_font=&#8220;Jost|600|||||||&#8220; header_text_color=&#8220;#FFFFFF&#8220; header_font_size=&#8220;8rem&#8220; custom_margin=&#8220;||10px||false|false&#8220; animation_style=&#8220;fade&#8220; animation_duration=&#8220;2000ms&#8220; animation_delay=&#8220;600ms&#8220; text_font_size_tablet=&#8220;5rem&#8220; text_font_size_phone=&#8220;3rem&#8220; text_font_size_last_edited=&#8220;on|phone&#8220; header_font_size_tablet=&#8220;5rem&#8220; header_font_size_phone=&#8220;3rem&#8220; header_font_size_last_edited=&#8220;on|phone&#8220; text_text_shadow_style=&#8220;preset1&#8243; global_colors_info=&#8220;{}&#8220;]<\/p>\n<h1>\u00dcber uns<\/h1>\n<p>[\/et_pb_text][et_pb_text _builder_version=&#8220;4.25.2&#8243; _module_preset=&#8220;default&#8220; text_font=&#8220;Jost|600|||||||&#8220; text_text_color=&#8220;#FFFFFF&#8220; text_font_size=&#8220;2rem&#8220; text_line_height=&#8220;1.1em&#8220; custom_margin=&#8220;||10px||false|false&#8220; animation_style=&#8220;fade&#8220; animation_duration=&#8220;2000ms&#8220; animation_delay=&#8220;600ms&#8220; hover_enabled=&#8220;0&#8243; text_font_size_tablet=&#8220;1.5rem&#8220; text_font_size_phone=&#8220;1.2rem&#8220; text_font_size_last_edited=&#8220;on|phone&#8220; text_text_shadow_style=&#8220;preset1&#8243; global_colors_info=&#8220;{}&#8220; sticky_enabled=&#8220;0&#8243;]<\/p>\n<p><span>Die Fusion von Fior &amp; Gardula markiert den Startschuss f\u00fcr eine neue \u00c4ra, wo die Kombination von Kompetenz auf allen Ebenen es erm\u00f6glicht, die ambitioniertesten Herausforderungen der Branche zu meistern.<\/span><\/p>\n<p>[\/et_pb_text][\/et_pb_column][\/et_pb_row][\/et_pb_section][et_pb_section fb_built=&#8220;1&#8243; custom_padding_last_edited=&#8220;on|phone&#8220; _builder_version=&#8220;4.25.2&#8243; _module_preset=&#8220;default&#8220; custom_margin=&#8220;4vh||0px||false|false&#8220; custom_padding=&#8220;0px||0px||true|false&#8220; custom_padding_tablet=&#8220;120px||120px||false|false&#8220; custom_padding_phone=&#8220;90px||90px||false|false&#8220; da_disable_devices=&#8220;off|off|off&#8220; global_colors_info=&#8220;{}&#8220; da_is_popup=&#8220;off&#8220; da_exit_intent=&#8220;off&#8220; da_has_close=&#8220;on&#8220; da_alt_close=&#8220;off&#8220; da_dark_close=&#8220;off&#8220; da_not_modal=&#8220;on&#8220; da_is_singular=&#8220;off&#8220; da_with_loader=&#8220;off&#8220; da_has_shadow=&#8220;on&#8220;][et_pb_row _builder_version=&#8220;4.25.2&#8243; _module_preset=&#8220;default&#8220; width=&#8220;auto&#8220; max_width=&#8220;76%&#8220; custom_margin=&#8220;0px||0px||false|false&#8220; custom_padding=&#8220;0px||0px||false|false&#8220; animation_style=&#8220;slide&#8220; animation_direction=&#8220;bottom&#8220; animation_intensity_slide=&#8220;5%&#8220; animation_speed_curve=&#8220;ease&#8220; custom_css_main_element=&#8220;text-align:center;&#8220; global_colors_info=&#8220;{}&#8220;][et_pb_column type=&#8220;4_4&#8243; _builder_version=&#8220;4.19.4&#8243; _module_preset=&#8220;default&#8220; global_colors_info=&#8220;{}&#8220;][et_pb_text _builder_version=&#8220;4.25.2&#8243; _module_preset=&#8220;default&#8220; text_text_color=&#8220;#000000&#8243; text_font_size=&#8220;20px&#8220; global_colors_info=&#8220;{}&#8220;]<\/p>\n<p style=\"text-align: left;\"><span style=\"font-weight: 400;\">Seit dem <strong>1. Juli 2024<\/strong> haben die Unternehmen <strong>Fior Ateliers s.\u00e0 r.l.<\/strong> und <strong>Constructions M\u00e9talliques Guy Gardula &amp; Associ\u00e9s S.A.<\/strong> fusioniert. <\/span><\/p>\n<p style=\"text-align: left;\"><span style=\"font-weight: 400;\">Seit Jahrzehnten fest verankert und anerkannt in Luxemburg in den Bereichen Schlosserei, Metallbau und allgemein im <span>Stahlbau<\/span>, b\u00fcndeln sie ihr <span>Kompetenz<\/span>,<\/span> <span style=\"font-weight: 400;\">um Ihre Erwartungen zu erf\u00fcllen und die Authentizit\u00e4t des Handwerks zu bewahren.<\/span><\/p>\n<p style=\"text-align: left;\"><span style=\"font-weight: 400;\">Unsere Teams wachsen zusammen, um die Projektverfolgung sicherzustellen und die gewohnte Servicequalit\u00e4t beizubehalten.<\/span><\/p>\n<p>[\/et_pb_text][\/et_pb_column][\/et_pb_row][\/et_pb_section][et_pb_section fb_built=&#8220;1&#8243; _builder_version=&#8220;4.25.2&#8243; _module_preset=&#8220;default&#8220; da_disable_devices=&#8220;off|off|off&#8220; global_colors_info=&#8220;{}&#8220; da_is_popup=&#8220;off&#8220; da_exit_intent=&#8220;off&#8220; da_has_close=&#8220;on&#8220; da_alt_close=&#8220;off&#8220; da_dark_close=&#8220;off&#8220; da_not_modal=&#8220;on&#8220; da_is_singular=&#8220;off&#8220; da_with_loader=&#8220;off&#8220; da_has_shadow=&#8220;on&#8220;][et_pb_row disabled_on=&#8220;on|on|off&#8220; _builder_version=&#8220;4.25.2&#8243; _module_preset=&#8220;default&#8220; max_width=&#8220;80%&#8220; global_colors_info=&#8220;{}&#8220;][et_pb_column type=&#8220;4_4&#8243; _builder_version=&#8220;4.25.2&#8243; _module_preset=&#8220;default&#8220; global_colors_info=&#8220;{}&#8220;][et_pb_image src=&#8220;https:\/\/fior.lu\/wp-content\/uploads\/2024\/06\/Timeline-histoire-Fior-et-Gardula-ok-2.png&#8220; title_text=&#8220;Timeline histoire Fior et Gardula ok 2&#8243; align=&#8220;center&#8220; _builder_version=&#8220;4.25.2&#8243; _module_preset=&#8220;default&#8220; global_colors_info=&#8220;{}&#8220;][\/et_pb_image][\/et_pb_column][\/et_pb_row][et_pb_row disabled_on=&#8220;off|off|on&#8220; _builder_version=&#8220;4.25.2&#8243; _module_preset=&#8220;default&#8220; max_width=&#8220;80%&#8220; global_colors_info=&#8220;{}&#8220;][et_pb_column type=&#8220;4_4&#8243; _builder_version=&#8220;4.25.2&#8243; _module_preset=&#8220;default&#8220; global_colors_info=&#8220;{}&#8220;][et_pb_image src=&#8220;https:\/\/fior.lu\/wp-content\/uploads\/2024\/06\/Timeline-histoire-Fior-et-Gardula.png&#8220; title_text=&#8220;Zeitleiste \u2013 Geschichte von Fior und Gardula&#8220; align=&#8220;center&#8220; _builder_version=&#8220;4.25.2&#8243; _module_preset=&#8220;default&#8220; global_colors_info=&#8220;{}&#8220;][\/et_pb_image][\/et_pb_column][\/et_pb_row][\/et_pb_section][et_pb_section fb_built=&#8220;1&#8243; _builder_version=&#8220;4.25.2&#8243; _module_preset=&#8220;default&#8220; background_enable_color=&#8220;off&#8220; use_background_color_gradient=&#8220;on&#8220; background_color_gradient_stops=&#8220;rgba(0,0,0,0.35) 1%|#000000 100%&#8220; background_color_gradient_overlays_image=&#8220;on&#8220; background_image=&#8220;https:\/\/fior.lu\/wp-content\/uploads\/2024\/06\/Fior-Ateliers-CTA.jpg&#8220; parallax=&#8220;on&#8220; custom_padding=&#8220;150px||150px||true|false&#8220; da_disable_devices=&#8220;off|off|off&#8220; global_colors_info=&#8220;{}&#8220; da_is_popup=&#8220;off&#8220; da_exit_intent=&#8220;off&#8220; da_has_close=&#8220;on&#8220; da_alt_close=&#8220;off&#8220; da_dark_close=&#8220;off&#8220; da_not_modal=&#8220;on&#8220; da_is_singular=&#8220;off&#8220; da_with_loader=&#8220;off&#8220; da_has_shadow=&#8220;on&#8220;][et_pb_row _builder_version=&#8220;4.25.2&#8243; _module_preset=&#8220;default&#8220; global_colors_info=&#8220;{}&#8220;][et_pb_column type=&#8220;4_4&#8243; _builder_version=&#8220;4.22.2&#8243; _module_preset=&#8220;default&#8220; global_colors_info=&#8220;{}&#8220;][et_pb_text _builder_version=&#8220;4.25.2&#8243; _module_preset=&#8220;default&#8220; text_font=&#8220;&#8211;et_global_body_font|600|||||||&#8220; text_text_color=&#8220;#FFFFFF&#8220; text_font_size=&#8220;30px&#8220; text_line_height=&#8220;1em&#8220; custom_margin=&#8220;||10px||false|false&#8220; hover_enabled=&#8220;0&#8243; text_font_size_tablet=&#8220;25px&#8220; text_font_size_phone=&#8220;20px&#8220; text_font_size_last_edited=&#8220;on|phone&#8220; global_colors_info=&#8220;{}&#8220; sticky_enabled=&#8220;0&#8243;]<\/p>\n<p>Dank unserer Expertise und unseres <span>Kompetenz<\/span> begleiten wir Sie bei jedem Schritt der Umsetzung Ihres Projekts und garantieren Ergebnisse, die Ihren Erwartungen entsprechen.<\/p>\n<p>[\/et_pb_text][et_pb_button button_url=&#8220;@ET-DC@eyJkeW5hbWljIjp0cnVlLCJjb250ZW50IjoicG9zdF9saW5rX3VybF9wYWdlIiwic2V0dGluZ3MiOnsicG9zdF9pZCI6IjIyNDIwOSIsImVuYWJsZV9odG1sIjoib2ZmIn19@&#8220; button_text=&#8220;Kontaktieren Sie uns&#8220; _builder_version=&#8220;4.25.2&#8243; _dynamic_attributes=&#8220;button_url&#8220; _module_preset=&#8220;default&#8220; custom_button=&#8220;on&#8220; button_text_size=&#8220;25px&#8220; button_text_color=&#8220;#FFFFFF&#8220; button_border_radius=&#8220;15px&#8220; button_font=&#8220;Jost||||||||&#8220; custom_margin=&#8220;80px||||false|false&#8220; global_colors_info=&#8220;{}&#8220;][\/et_pb_button][\/et_pb_column][\/et_pb_row][\/et_pb_section]<\/p>\n","protected":false},"excerpt":{"rendered":"<p>\u00dcber unsDie Fusion von Fior &amp; Gardula markiert den Startschuss f\u00fcr eine neue \u00c4ra, wo die Kombination von Kompetenz auf allen Ebenen es erm\u00f6glicht, die ambitioniertesten Herausforderungen der Branche zu meistern.Seit dem 1. Juli 2024 haben die Unternehmen Fior Ateliers s.\u00e0 r.l. und Constructions M\u00e9talliques Guy Gardula &amp; Associ\u00e9s S.A. fusioniert. Seit Jahrzehnten fest verankert [&hellip;]<\/p>\n","protected":false},"author":1,"featured_media":0,"parent":0,"menu_order":0,"comment_status":"closed","ping_status":"closed","template":"","meta":{"_et_pb_use_builder":"on","_et_pb_old_content":"","_et_gb_content_width":"","footnotes":""},"class_list":["post-226417","page","type-page","status-publish","hentry"],"_links":{"self":[{"href":"https:\/\/fior.lu\/de\/wp-json\/wp\/v2\/pages\/226417","targetHints":{"allow":["GET"]}}],"collection":[{"href":"https:\/\/fior.lu\/de\/wp-json\/wp\/v2\/pages"}],"about":[{"href":"https:\/\/fior.lu\/de\/wp-json\/wp\/v2\/types\/page"}],"author":[{"embeddable":true,"href":"https:\/\/fior.lu\/de\/wp-json\/wp\/v2\/users\/1"}],"replies":[{"embeddable":true,"href":"https:\/\/fior.lu\/de\/wp-json\/wp\/v2\/comments?post=226417"}],"version-history":[{"count":17,"href":"https:\/\/fior.lu\/de\/wp-json\/wp\/v2\/pages\/226417\/revisions"}],"predecessor-version":[{"id":226589,"href":"https:\/\/fior.lu\/de\/wp-json\/wp\/v2\/pages\/226417\/revisions\/226589"}],"wp:attachment":[{"href":"https:\/\/fior.lu\/de\/wp-json\/wp\/v2\/media?parent=226417"}],"curies":[{"name":"wp","href":"https:\/\/api.w.org\/{rel}","templated":true}]}}